{"id":1039,"date":"2021-03-12T13:19:38","date_gmt":"2021-03-12T19:19:38","guid":{"rendered":"https:\/\/indalum.com.mx\/?page_id=1039"},"modified":"2021-08-19T00:54:36","modified_gmt":"2021-08-19T05:54:36","slug":"linea-euroalum-4500","status":"publish","type":"page","link":"https:\/\/indalum.com.mx\/en\/segmento-arquitectonico\/euroalum\/linea-euroalum-4500\/","title":{"rendered":"Euroalum 4500"},"content":{"rendered":"<div data-color=\"#edf1f8\" class=\"vc_row wpb_row vc_row-fluid stretch_row_content vc_row-o-equal-height vc_row-o-content-middle vc_row-flex vc-row-658369\" >\n\t<div class=\"container et-clearfix\">\n\t\t<div data-parallax-speed=\"5\" data-parallax-duration=\"0\" class=\"vc_col-sm-push-6 wpb_column vc_column_container vc_col-sm-6 vc_col-xs-12 text-align-none vc_col-has-fill vc-parallax vc-column-85858\" >\n\t<div class=\"vc_column-inner vci vc_custom_1627276846065\" >\n\t\t<div class=\"wpb_wrapper\">\n\t\t\t<span class=\"et-gap et-clearfix et-gap-566220 hide768\"><\/span><div id=\"et-stagger-box-1\" class=\"et-stagger-box et-stagger-box-1\" data-delay=\"400\" data-interval=\"50\" data-stagger=\"right\"><div class=\"content\">\n<div class=\"wpb_text_column wpb_content_element\"  data-del=\"0\">\n\t<div class=\"wpb_wrapper\">\n\t\t<p><img loading=\"lazy\" decoding=\"async\" class=\"aligncenter\" style=\"background: #ffffff; padding: 30px; box-sizing: content-box;\" src=\"https:\/\/indalum.com.mx\/\/wp-content\/uploads\/logotipo-euroalum.png\" alt=\"\" width=\"240\" height=\"30\" \/><\/p>\n\t<\/div>\n<\/div>\n\n<\/div><\/div><span class=\"et-gap et-clearfix et-gap-370475 hide768\"><\/span>\t\t<\/div>\n\t\t<div class=\"parallax-container\"><\/div>\t<\/div>\n<\/div><div class=\"vc_col-sm-pull-6 wpb_column vc_column_container vc_col-sm-6 vc_col-xs-12 text-align-none vc-column-125987\" >\n\t<div class=\"vc_column-inner vci vc_custom_1627276888139\" data-374-l=\"8\"  data-374-r=\"8\"  data-375-767-l=\"8\"  data-375-767-r=\"8\"  data-768-1023-l=\"10\"  data-768-1023-r=\"10\"  data-1024-1279-l=\"10\"  data-1024-1279-r=\"10\"  data-1280-1599-l=\"15\"  data-1280-1599-r=\"15\"  data-1600-1919-l=\"25\"  data-1600-1919-r=\"15\" >\n\t\t<div class=\"wpb_wrapper\">\n\t\t\t<span class=\"et-gap et-clearfix et-gap-399715 hide767 hide768-1023\"><\/span><span class=\"et-gap et-clearfix et-gap-244233 hide767 hide768-1023 hide1024-1279 hide1280-1599\"><\/span><div id=\"et-stagger-box-2\" class=\"et-stagger-box et-stagger-box-2\" data-delay=\"200\" data-interval=\"50\" data-stagger=\"right\"><div class=\"content\"><h6 class=\"et-heading text-align-left highlight-true\" id=\"et-heading-957326\" ><span class=\"text-wrapper\"><span class=\"text\">Euroalum Line<\/span><span class=\"curtain\"><\/span><\/span><\/h6><h2 class=\"et-heading text-align-left highlight-false\" id=\"et-heading-547421\" ><span class=\"text-wrapper\"><span class=\"text\">Euroalum 4500<\/span><span class=\"curtain\"><\/span><\/span><\/h2><span class=\"et-gap et-clearfix et-gap-229810\"><\/span>\n<div class=\"wpb_text_column wpb_content_element\"  data-del=\"0\">\n\t<div class=\"wpb_wrapper\">\n\t\t<p style=\"font-size: 18px; line-height: 28px;\">L\u00ednea europea para claros de grandes dimensiones. Se pueden fabricar puertas corredizas y fijas. Tiene la capacidad de recibir hojas m\u00faltiples que corren en 2, 3 o m\u00e1s rieles.<\/p>\n\t<\/div>\n<\/div>\n\n<\/div><\/div><span class=\"et-gap et-clearfix et-gap-32985 hide767 hide768-1023\"><\/span><span class=\"et-gap et-clearfix et-gap-802442 hide767 hide768-1023 hide1024-1279 hide1280-1599\"><\/span>\t\t<\/div>\n\t\t\t<\/div>\n<\/div>\t<\/div>\n\t\t<div class=\"vc-curtain\" data-curtain=\"curtain-right\"><\/div><\/div><div class=\"vc_row wpb_row vc_row-fluid vc_column-gap-24\" >\n\t<div class=\"container et-clearfix\">\n\t\t<div class=\"wpb_column vc_column_container vc_col-sm-12 text-align-none\" >\n\t<div class=\"vc_column-inner vci\" >\n\t\t<div class=\"wpb_wrapper\">\n\t\t\t<span class=\"et-gap et-clearfix et-gap-209520 hide1024\"><\/span><span class=\"et-gap et-clearfix et-gap-304659 hide767 hide768-1023\"><\/span>\t\t<\/div>\n\t\t\t<\/div>\n<\/div>\t<\/div>\n\t\t<\/div><div class=\"vc_row wpb_row vc_row-fluid vc_column-gap-48 vc_row-o-equal-height vc_row-o-content-middle vc_row-flex vc-row-170365\" >\n\t<div class=\"container et-clearfix\">\n\t\t<div class=\"vc_col-md-push-4 wpb_column vc_column_container vc_col-sm-6 vc_col-md-4 text-align-none vc-column-200207\" >\n\t<div class=\"vc_column-inner vci\" >\n\t\t<div class=\"wpb_wrapper\">\n\t\t\t\n\t<div  class=\"wpb_single_image wpb_content_element vc_align_center\">\n\t\t\n\t\t<figure class=\"wpb_wrapper vc_figure\">\n\t\t\t<div class=\"vc_single_image-wrapper   vc_box_border_grey\"><img loading=\"lazy\" decoding=\"async\" data-vc-zoom=\"https:\/\/indalum.com.mx\/wp-content\/uploads\/indalum-euroalum-4500.jpg\" width=\"723\" height=\"771\" src=\"https:\/\/indalum.com.mx\/wp-content\/uploads\/indalum-euroalum-4500.jpg\" class=\"vc_single_image-img attachment-full\" alt=\"Euroalum 4500\" data-responsive-images=\"false\" \/><\/div>\n\t\t<\/figure>\n\t<\/div>\n\t\t<\/div>\n\t\t\t<\/div>\n<\/div><div class=\"vc_col-md-pull-4 wpb_column vc_column_container vc_col-sm-6 vc_col-md-4 text-align-none vc-column-291503\" >\n\t<div class=\"vc_column-inner vci\" >\n\t\t<div class=\"wpb_wrapper\">\n\t\t\t<span class=\"et-gap et-clearfix et-gap-167550 hide1024\"><\/span><div id=\"et-stagger-box-3\" class=\"et-stagger-box et-stagger-box-3\" data-delay=\"\" data-interval=\"50\" data-stagger=\"right\"><div class=\"content\"><h6 class=\"et-heading text-align-left highlight-true\" id=\"et-heading-631537\" ><span class=\"text-wrapper\"><span class=\"text\">Euroalum 4500<\/span><span class=\"curtain\"><\/span><\/span><\/h6><h3 class=\"et-heading text-align-left highlight-false\" id=\"et-heading-232905\" ><span class=\"text-wrapper\"><span class=\"text\">Informaci\u00f3n t\u00e9cnica<\/span><span class=\"curtain\"><\/span><\/span><\/h3><span class=\"et-gap et-clearfix et-gap-168842\"><\/span><ul id=\"et-icon-list-257390\" class=\"et-icon-list small\" ><li><div class=\"icon-wrap\"><div class=\"et-icon size-small\"><?xml version=\"1.0\" encoding=\"UTF-8\"?> <!-- Generator: Adobe Illustrator 19.0.0, SVG Export Plug-In . SVG Version: 6.00 Build 0) --> <svg xmlns=\"http:\/\/www.w3.org\/2000\/svg\" xmlns:xlink=\"http:\/\/www.w3.org\/1999\/xlink\" version=\"1.1\" x=\"0px\" y=\"0px\" viewbox=\"0 0 492.004 492.004\" style=\"enable-background:new 0 0 492.004 492.004;\" xml:space=\"preserve\"> <g> <g> <path d=\"M382.678,226.804L163.73,7.86C158.666,2.792,151.906,0,144.698,0s-13.968,2.792-19.032,7.86l-16.124,16.12 c-10.492,10.504-10.492,27.576,0,38.064L293.398,245.9l-184.06,184.06c-5.064,5.068-7.86,11.824-7.86,19.028 c0,7.212,2.796,13.968,7.86,19.04l16.124,16.116c5.068,5.068,11.824,7.86,19.032,7.86s13.968-2.792,19.032-7.86L382.678,265 c5.076-5.084,7.864-11.872,7.848-19.088C390.542,238.668,387.754,231.884,382.678,226.804z\"><\/path> <\/g> <\/g> <g> <\/g> <g> <\/g> <g> <\/g> <g> <\/g> <g> <\/g> <g> <\/g> <g> <\/g> <g> <\/g> <g> <\/g> <g> <\/g> <g> <\/g> <g> <\/g> <g> <\/g> <g> <\/g> <g> <\/g> <\/svg> <\/div><\/div><div>Ancho de rieles: 100 y 152 mm en doble y triple.<\/div><\/li><li><div class=\"icon-wrap\"><div class=\"et-icon size-small\"><?xml version=\"1.0\" encoding=\"UTF-8\"?> <!-- Generator: Adobe Illustrator 19.0.0, SVG Export Plug-In . SVG Version: 6.00 Build 0) --> <svg xmlns=\"http:\/\/www.w3.org\/2000\/svg\" xmlns:xlink=\"http:\/\/www.w3.org\/1999\/xlink\" version=\"1.1\" x=\"0px\" y=\"0px\" viewbox=\"0 0 492.004 492.004\" style=\"enable-background:new 0 0 492.004 492.004;\" xml:space=\"preserve\"> <g> <g> <path d=\"M382.678,226.804L163.73,7.86C158.666,2.792,151.906,0,144.698,0s-13.968,2.792-19.032,7.86l-16.124,16.12 c-10.492,10.504-10.492,27.576,0,38.064L293.398,245.9l-184.06,184.06c-5.064,5.068-7.86,11.824-7.86,19.028 c0,7.212,2.796,13.968,7.86,19.04l16.124,16.116c5.068,5.068,11.824,7.86,19.032,7.86s13.968-2.792,19.032-7.86L382.678,265 c5.076-5.084,7.864-11.872,7.848-19.088C390.542,238.668,387.754,231.884,382.678,226.804z\"><\/path> <\/g> <\/g> <g> <\/g> <g> <\/g> <g> <\/g> <g> <\/g> <g> <\/g> <g> <\/g> <g> <\/g> <g> <\/g> <g> <\/g> <g> <\/g> <g> <\/g> <g> <\/g> <g> <\/g> <g> <\/g> <g> <\/g> <\/svg> <\/div><\/div><div>Recibe vidrios sencillos de 6 a 9 mm.<\/div><\/li><li><div class=\"icon-wrap\"><div class=\"et-icon size-small\"><?xml version=\"1.0\" encoding=\"UTF-8\"?> <!-- Generator: Adobe Illustrator 19.0.0, SVG Export Plug-In . SVG Version: 6.00 Build 0) --> <svg xmlns=\"http:\/\/www.w3.org\/2000\/svg\" xmlns:xlink=\"http:\/\/www.w3.org\/1999\/xlink\" version=\"1.1\" x=\"0px\" y=\"0px\" viewbox=\"0 0 492.004 492.004\" style=\"enable-background:new 0 0 492.004 492.004;\" xml:space=\"preserve\"> <g> <g> <path d=\"M382.678,226.804L163.73,7.86C158.666,2.792,151.906,0,144.698,0s-13.968,2.792-19.032,7.86l-16.124,16.12 c-10.492,10.504-10.492,27.576,0,38.064L293.398,245.9l-184.06,184.06c-5.064,5.068-7.86,11.824-7.86,19.028 c0,7.212,2.796,13.968,7.86,19.04l16.124,16.116c5.068,5.068,11.824,7.86,19.032,7.86s13.968-2.792,19.032-7.86L382.678,265 c5.076-5.084,7.864-11.872,7.848-19.088C390.542,238.668,387.754,231.884,382.678,226.804z\"><\/path> <\/g> <\/g> <g> <\/g> <g> <\/g> <g> <\/g> <g> <\/g> <g> <\/g> <g> <\/g> <g> <\/g> <g> <\/g> <g> <\/g> <g> <\/g> <g> <\/g> <g> <\/g> <g> <\/g> <g> <\/g> <g> <\/g> <\/svg> <\/div><\/div><div>Recibe vidrios dobles de 6+6+6 mm hasta 6+12+6 mm.<\/div><\/li><\/ul><\/div><\/div>\t\t<\/div>\n\t\t\t<\/div>\n<\/div><div class=\"wpb_column vc_column_container vc_col-sm-4 vc_col-md-offset-0 vc_col-md-4 vc_col-sm-offset-4 text-align-none vc-column-449470\" >\n\t<div class=\"vc_column-inner vci vc_custom_1615538973669\" data-374-l=\"0\"  data-375-767-l=\"0\"  data-768-1023-l=\"0\"  data-1024-1279-l=\"0\" >\n\t\t<div class=\"wpb_wrapper\">\n\t\t\t<span class=\"et-gap et-clearfix et-gap-167550 hide1024\"><\/span><div id=\"et-stagger-box-4\" class=\"et-stagger-box et-stagger-box-4\" data-delay=\"200\" data-interval=\"50\" data-stagger=\"right\"><div class=\"content\"><h6 class=\"et-heading text-align-left highlight-true\" id=\"et-heading-159708\" ><span class=\"text-wrapper\"><span class=\"text\">Euroalum 4500<\/span><span class=\"curtain\"><\/span><\/span><\/h6><h3 class=\"et-heading text-align-left highlight-false\" id=\"et-heading-736427\" ><span class=\"text-wrapper\"><span class=\"text\">Gu\u00eda de armado<\/span><span class=\"curtain\"><\/span><\/span><\/h3><span class=\"et-gap et-clearfix et-gap-605132\"><\/span><a id=\"et-button-866682\" class=\"et-button icon-position-right modal-false hover-scale smooth-false shadow-false none round normal medium\" target=\"_blank\" href=\"https:\/\/indalum.com.mx\/descargas\/Guia-de-Armado-Euroalum-4500.pdf\" data-effect=\"scale\"><span class=\"text\">OPEN<\/span><svg viewbox=\"0 0 220 56\" class=\"button-back\"><path class=\"regular\" d=\"M192,56H28A28,28,0,0,1,28,0H192A28,28,0,0,1,192,56Z\" data-hover=\"M192,56H28A28,28,0,0,1,28,0H192A28,28,0,0,1,192,56Z\"\/><\/svg><\/a><span class=\"et-gap et-clearfix et-gap-860839\"><\/span>\n<div class=\"wpb_text_column wpb_content_element\"  data-del=\"0\">\n\t<div class=\"wpb_wrapper\">\n\t\t<p><a style=\"margin-left: 55px;\" href=\"https:\/\/indalum.com.mx\/descargas\/Guia-de-Armado-Euroalum-4500.pdf\" download=\"\">Download PDF<\/a><\/p>\n\t<\/div>\n<\/div>\n\n<\/div><\/div>\t\t<\/div>\n\t\t\t<\/div>\n<\/div>\t<\/div>\n\t\t<\/div><div class=\"vc_row wpb_row vc_row-fluid vc_column-gap-24\" >\n\t<div class=\"container et-clearfix\">\n\t\t<div class=\"wpb_column vc_column_container vc_col-sm-12 text-align-none\" >\n\t<div class=\"vc_column-inner vci\" >\n\t\t<div class=\"wpb_wrapper\">\n\t\t\t<span class=\"et-gap et-clearfix et-gap-135997 hide1024\"><\/span><span class=\"et-gap et-clearfix et-gap-322982 hide767 hide768-1023\"><\/span>\t\t<\/div>\n\t\t\t<\/div>\n<\/div>\t<\/div>\n\t\t<\/div>","protected":false},"excerpt":{"rendered":"L\u00ednea EuroalumEuroalum 4500 L\u00ednea europea para claros de grandes dimensiones. Se pueden fabricar puertas corredizas y fijas. Tiene la capacidad de recibir hojas m\u00faltiples que corren en 2, 3 o m\u00e1s rieles. Euroalum 4500Informaci\u00f3n t\u00e9cnica Ancho de rieles: 100 y 152 mm en doble y triple. Recibe vidrios sencillos de 6 a 9 mm. Recibe [...]","protected":false},"author":6,"featured_media":1041,"parent":651,"menu_order":0,"comment_status":"closed","ping_status":"closed","template":"page-vc.php","meta":{"footnotes":""},"class_list":["post-1039","page","type-page","status-publish","has-post-thumbnail","hentry"],"yoast_head":"<!-- This site is optimized with the Yoast SEO plugin v23.0 - https:\/\/yoast.com\/wordpress\/plugins\/seo\/ -->\n<title>L\u00ednea Euroalum 4500 de alto desempe\u00f1o &#8211; Indalum<\/title>\n<meta name=\"description\" content=\"Euroalum 4500 es una l\u00ednea europea para claros de grandes dimensiones. Se pueden fabricar puertas corredizas y fijas.\" \/>\n<meta name=\"robots\" content=\"index, follow, max-snippet:-1, max-image-preview:large, max-video-preview:-1\" \/>\n<link rel=\"canonical\" href=\"https:\/\/indalum.com.mx\/en\/segmento-arquitectonico\/euroalum\/linea-euroalum-4500\/\" \/>\n<meta property=\"og:locale\" content=\"en_US\" \/>\n<meta property=\"og:type\" content=\"article\" \/>\n<meta property=\"og:title\" content=\"L\u00ednea Euroalum 4500 de alto desempe\u00f1o &#8211; Indalum\" \/>\n<meta property=\"og:description\" content=\"Euroalum 4500 es una l\u00ednea europea para claros de grandes dimensiones. Se pueden fabricar puertas corredizas y fijas.\" \/>\n<meta property=\"og:url\" content=\"https:\/\/indalum.com.mx\/en\/segmento-arquitectonico\/euroalum\/linea-euroalum-4500\/\" \/>\n<meta property=\"og:site_name\" content=\"Indalum\" \/>\n<meta property=\"article:publisher\" content=\"https:\/\/www.facebook.com\/indalumoficial\/\" \/>\n<meta property=\"article:modified_time\" content=\"2021-08-19T05:54:36+00:00\" \/>\n<meta property=\"og:image\" content=\"http:\/\/indalum.com.mx\/wp-content\/uploads\/indalum-euroalum-4500-img.jpg\" \/>\n\t<meta property=\"og:image:width\" content=\"1152\" \/>\n\t<meta property=\"og:image:height\" content=\"864\" \/>\n\t<meta property=\"og:image:type\" content=\"image\/jpeg\" \/>\n<meta name=\"twitter:card\" content=\"summary_large_image\" \/>\n<meta name=\"twitter:label1\" content=\"Est. reading time\" \/>\n\t<meta name=\"twitter:data1\" content=\"3 minutes\" \/>\n<script type=\"application\/ld+json\" class=\"yoast-schema-graph\">{\"@context\":\"https:\/\/schema.org\",\"@graph\":[{\"@type\":\"WebPage\",\"@id\":\"https:\/\/indalum.com.mx\/segmento-arquitectonico\/euroalum\/linea-euroalum-4500\/\",\"url\":\"https:\/\/indalum.com.mx\/segmento-arquitectonico\/euroalum\/linea-euroalum-4500\/\",\"name\":\"L\u00ednea Euroalum 4500 de alto desempe\u00f1o &#8211; Indalum\",\"isPartOf\":{\"@id\":\"https:\/\/indalum.com.mx\/#website\"},\"primaryImageOfPage\":{\"@id\":\"https:\/\/indalum.com.mx\/segmento-arquitectonico\/euroalum\/linea-euroalum-4500\/#primaryimage\"},\"image\":{\"@id\":\"https:\/\/indalum.com.mx\/segmento-arquitectonico\/euroalum\/linea-euroalum-4500\/#primaryimage\"},\"thumbnailUrl\":\"https:\/\/indalum.com.mx\/wp-content\/uploads\/indalum-euroalum-4500-img.jpg\",\"datePublished\":\"2021-03-12T19:19:38+00:00\",\"dateModified\":\"2021-08-19T05:54:36+00:00\",\"description\":\"Euroalum 4500 es una l\u00ednea europea para claros de grandes dimensiones. Se pueden fabricar puertas corredizas y fijas.\",\"breadcrumb\":{\"@id\":\"https:\/\/indalum.com.mx\/segmento-arquitectonico\/euroalum\/linea-euroalum-4500\/#breadcrumb\"},\"inLanguage\":\"en-US\",\"potentialAction\":[{\"@type\":\"ReadAction\",\"target\":[\"https:\/\/indalum.com.mx\/segmento-arquitectonico\/euroalum\/linea-euroalum-4500\/\"]}]},{\"@type\":\"ImageObject\",\"inLanguage\":\"en-US\",\"@id\":\"https:\/\/indalum.com.mx\/segmento-arquitectonico\/euroalum\/linea-euroalum-4500\/#primaryimage\",\"url\":\"https:\/\/indalum.com.mx\/wp-content\/uploads\/indalum-euroalum-4500-img.jpg\",\"contentUrl\":\"https:\/\/indalum.com.mx\/wp-content\/uploads\/indalum-euroalum-4500-img.jpg\",\"width\":1152,\"height\":864,\"caption\":\"Indalum - Muestra Euroalum 4500\"},{\"@type\":\"BreadcrumbList\",\"@id\":\"https:\/\/indalum.com.mx\/segmento-arquitectonico\/euroalum\/linea-euroalum-4500\/#breadcrumb\",\"itemListElement\":[{\"@type\":\"ListItem\",\"position\":1,\"name\":\"Segmento Arquitect\u00f3nico\",\"item\":\"https:\/\/indalum.com.mx\/segmento-arquitectonico\/\"},{\"@type\":\"ListItem\",\"position\":2,\"name\":\"Euroalum\",\"item\":\"https:\/\/indalum.com.mx\/segmento-arquitectonico\/euroalum\/\"},{\"@type\":\"ListItem\",\"position\":3,\"name\":\"Euroalum 4500\"}]},{\"@type\":\"WebSite\",\"@id\":\"https:\/\/indalum.com.mx\/#website\",\"url\":\"https:\/\/indalum.com.mx\/\",\"name\":\"Indalum\",\"description\":\"Imaginando m\u00e1s que aluminio\",\"potentialAction\":[{\"@type\":\"SearchAction\",\"target\":{\"@type\":\"EntryPoint\",\"urlTemplate\":\"https:\/\/indalum.com.mx\/?s={search_term_string}\"},\"query-input\":\"required name=search_term_string\"}],\"inLanguage\":\"en-US\"}]}<\/script>\n<!-- \/ Yoast SEO plugin. -->","yoast_head_json":{"title":"L\u00ednea Euroalum 4500 de alto desempe\u00f1o &#8211; Indalum","description":"Euroalum 4500 es una l\u00ednea europea para claros de grandes dimensiones. Se pueden fabricar puertas corredizas y fijas.","robots":{"index":"index","follow":"follow","max-snippet":"max-snippet:-1","max-image-preview":"max-image-preview:large","max-video-preview":"max-video-preview:-1"},"canonical":"https:\/\/indalum.com.mx\/en\/segmento-arquitectonico\/euroalum\/linea-euroalum-4500\/","og_locale":"en_US","og_type":"article","og_title":"L\u00ednea Euroalum 4500 de alto desempe\u00f1o &#8211; Indalum","og_description":"Euroalum 4500 es una l\u00ednea europea para claros de grandes dimensiones. Se pueden fabricar puertas corredizas y fijas.","og_url":"https:\/\/indalum.com.mx\/en\/segmento-arquitectonico\/euroalum\/linea-euroalum-4500\/","og_site_name":"Indalum","article_publisher":"https:\/\/www.facebook.com\/indalumoficial\/","article_modified_time":"2021-08-19T05:54:36+00:00","og_image":[{"width":1152,"height":864,"url":"http:\/\/indalum.com.mx\/wp-content\/uploads\/indalum-euroalum-4500-img.jpg","type":"image\/jpeg"}],"twitter_card":"summary_large_image","twitter_misc":{"Est. reading time":"3 minutes"},"schema":{"@context":"https:\/\/schema.org","@graph":[{"@type":"WebPage","@id":"https:\/\/indalum.com.mx\/segmento-arquitectonico\/euroalum\/linea-euroalum-4500\/","url":"https:\/\/indalum.com.mx\/segmento-arquitectonico\/euroalum\/linea-euroalum-4500\/","name":"L\u00ednea Euroalum 4500 de alto desempe\u00f1o &#8211; Indalum","isPartOf":{"@id":"https:\/\/indalum.com.mx\/#website"},"primaryImageOfPage":{"@id":"https:\/\/indalum.com.mx\/segmento-arquitectonico\/euroalum\/linea-euroalum-4500\/#primaryimage"},"image":{"@id":"https:\/\/indalum.com.mx\/segmento-arquitectonico\/euroalum\/linea-euroalum-4500\/#primaryimage"},"thumbnailUrl":"https:\/\/indalum.com.mx\/wp-content\/uploads\/indalum-euroalum-4500-img.jpg","datePublished":"2021-03-12T19:19:38+00:00","dateModified":"2021-08-19T05:54:36+00:00","description":"Euroalum 4500 es una l\u00ednea europea para claros de grandes dimensiones. Se pueden fabricar puertas corredizas y fijas.","breadcrumb":{"@id":"https:\/\/indalum.com.mx\/segmento-arquitectonico\/euroalum\/linea-euroalum-4500\/#breadcrumb"},"inLanguage":"en-US","potentialAction":[{"@type":"ReadAction","target":["https:\/\/indalum.com.mx\/segmento-arquitectonico\/euroalum\/linea-euroalum-4500\/"]}]},{"@type":"ImageObject","inLanguage":"en-US","@id":"https:\/\/indalum.com.mx\/segmento-arquitectonico\/euroalum\/linea-euroalum-4500\/#primaryimage","url":"https:\/\/indalum.com.mx\/wp-content\/uploads\/indalum-euroalum-4500-img.jpg","contentUrl":"https:\/\/indalum.com.mx\/wp-content\/uploads\/indalum-euroalum-4500-img.jpg","width":1152,"height":864,"caption":"Indalum - Muestra Euroalum 4500"},{"@type":"BreadcrumbList","@id":"https:\/\/indalum.com.mx\/segmento-arquitectonico\/euroalum\/linea-euroalum-4500\/#breadcrumb","itemListElement":[{"@type":"ListItem","position":1,"name":"Segmento Arquitect\u00f3nico","item":"https:\/\/indalum.com.mx\/segmento-arquitectonico\/"},{"@type":"ListItem","position":2,"name":"Euroalum","item":"https:\/\/indalum.com.mx\/segmento-arquitectonico\/euroalum\/"},{"@type":"ListItem","position":3,"name":"Euroalum 4500"}]},{"@type":"WebSite","@id":"https:\/\/indalum.com.mx\/#website","url":"https:\/\/indalum.com.mx\/","name":"Indalum","description":"Imaginando m\u00e1s que aluminio","potentialAction":[{"@type":"SearchAction","target":{"@type":"EntryPoint","urlTemplate":"https:\/\/indalum.com.mx\/?s={search_term_string}"},"query-input":"required name=search_term_string"}],"inLanguage":"en-US"}]}},"_links":{"self":[{"href":"https:\/\/indalum.com.mx\/en\/wp-json\/wp\/v2\/pages\/1039","targetHints":{"allow":["GET"]}}],"collection":[{"href":"https:\/\/indalum.com.mx\/en\/wp-json\/wp\/v2\/pages"}],"about":[{"href":"https:\/\/indalum.com.mx\/en\/wp-json\/wp\/v2\/types\/page"}],"author":[{"embeddable":true,"href":"https:\/\/indalum.com.mx\/en\/wp-json\/wp\/v2\/users\/6"}],"replies":[{"embeddable":true,"href":"https:\/\/indalum.com.mx\/en\/wp-json\/wp\/v2\/comments?post=1039"}],"version-history":[{"count":6,"href":"https:\/\/indalum.com.mx\/en\/wp-json\/wp\/v2\/pages\/1039\/revisions"}],"predecessor-version":[{"id":3351,"href":"https:\/\/indalum.com.mx\/en\/wp-json\/wp\/v2\/pages\/1039\/revisions\/3351"}],"up":[{"embeddable":true,"href":"https:\/\/indalum.com.mx\/en\/wp-json\/wp\/v2\/pages\/651"}],"wp:featuredmedia":[{"embeddable":true,"href":"https:\/\/indalum.com.mx\/en\/wp-json\/wp\/v2\/media\/1041"}],"wp:attachment":[{"href":"https:\/\/indalum.com.mx\/en\/wp-json\/wp\/v2\/media?parent=1039"}],"curies":[{"name":"wp","href":"https:\/\/api.w.org\/{rel}","templated":true}]}}