{"id":647,"date":"2021-03-02T12:27:14","date_gmt":"2021-03-02T18:27:14","guid":{"rendered":"https:\/\/indalum.com.mx\/?page_id=647"},"modified":"2021-09-15T01:51:59","modified_gmt":"2021-09-15T06:51:59","slug":"segmento-arquitectonico","status":"publish","type":"page","link":"https:\/\/indalum.com.mx\/en\/segmento-arquitectonico\/","title":{"rendered":"Architecture and Construction"},"content":{"rendered":"<div data-parallax-speed=\"5\" data-parallax-duration=\"0\" class=\"vc_row wpb_row vc_row-fluid vc_custom_1628994098791 vc_row-has-fill vc_column-gap-24 vc-parallax vc-row-131187\" >\n\t<div class=\"container et-clearfix\">\n\t\t<div class=\"wpb_column vc_column_container vc_col-sm-12 text-align-none vc-column-854573\" >\n\t<div class=\"vc_column-inner vci\" data-768-1023-l=\"6\"  data-768-1023-r=\"6\" >\n\t\t<div class=\"wpb_wrapper\">\n\t\t\t<span class=\"et-gap et-clearfix et-gap-187234 hide767 hide768-1023\"><\/span><div class=\"vc_row wpb_row vc_inner vc_row-fluid vc_column-gap-24\"><div class=\"wpb_column vc_column_container vc_col-sm-10 vc_col-md-6\"><div class=\"vc_column-inner\"><div class=\"wpb_wrapper\"><div id=\"et-animate-box-102429\" class=\"intro-segmento-arquitectonico et-animate-box et-animate-box-102429\" data-delay=\"800\" data-animation=\"left\" data-stagger=\"none\" data-color=\"#edf1f8\"><div class=\"content vci\" data-374-l=\"10\"  data-374-r=\"10\"  data-375-767-l=\"10\"  data-375-767-r=\"10\" ><h6 class=\"et-heading text-align-left highlight-true\" id=\"et-heading-305328\" ><span class=\"text-wrapper\"><span class=\"text\">Indalum<\/span><span class=\"curtain\"><\/span><\/span><\/h6><h2 class=\"et-heading text-align-left highlight-false\" id=\"et-heading-817638\" ><span class=\"text-wrapper\"><span class=\"text\">Architecture and Construction<\/span><span class=\"curtain\"><\/span><\/span><\/h2><span class=\"et-gap et-clearfix et-gap-592555\"><\/span><div class=\"wpb_text_column wpb_content_element\"  data-del=\"0\"><div class=\"wpb_wrapper\"><p><span style=\"color: #004a8f;\">With a strong portfolio of solutions that includes its Traditional Line and Euroalum, its high-performance line, Indalum plays a major role in these industries, both within Mexican territory and for export the foreign market.<\/span><\/p><p><span style=\"color: #004a8f;\">Indalum develops solutions for a variety of doors, windows, and architectural facades, with the objective commitment of providing the best quality products.<\/span><\/p><\/div><\/div><\/div><svg viewbox=\"0 0 100 120\" class=\"box-back\"><path d=\"M0,0H100A133,133,0,0,1,90,120H0A133,133,0,0,0,0,0Z\" data-dclone=\"M0,0H100A133,133,0,0,1,90,120H0A133,133,0,0,0,0,0Z\" data-end=\"M0,0H100V120H0V0Z\"\/><\/svg><\/div><\/div><\/div><\/div><div class=\"wpb_column vc_column_container vc_col-sm-6\"><div class=\"vc_column-inner\"><div class=\"wpb_wrapper\"><\/div><\/div><\/div><\/div><span class=\"et-gap et-clearfix et-gap-743228 hide767 hide768-1023\"><\/span>\t\t<\/div>\n\t\t\t<\/div>\n<\/div>\t<\/div>\n\t\t<div class=\"parallax-container\"><\/div><\/div><div class=\"vc_row wpb_row vc_row-fluid vc_column-gap-24\" >\n\t<div class=\"container et-clearfix\">\n\t\t<div class=\"wpb_column vc_column_container vc_col-sm-12 text-align-none\" >\n\t<div class=\"vc_column-inner vci\" >\n\t\t<div class=\"wpb_wrapper\">\n\t\t\t<span class=\"et-gap et-clearfix et-gap-135997 hide1024\"><\/span><span class=\"et-gap et-clearfix et-gap-655443 hide767 hide768-1023\"><\/span>\t\t<\/div>\n\t\t\t<\/div>\n<\/div>\t<\/div>\n\t\t<\/div><div class=\"vc_row wpb_row vc_row-fluid vc_column-gap-48 vc_row-o-equal-height vc_row-o-content-top vc_row-flex vc-row-123313\" >\n\t<div class=\"container et-clearfix\">\n\t\t<div class=\"wpb_column vc_column_container vc_col-sm-12 vc_col-md-4 text-align-none vc-column-895602\" >\n\t<div class=\"vc_column-inner vci\" >\n\t\t<div class=\"wpb_wrapper\">\n\t\t\t<div id=\"et-stagger-box-1\" class=\"et-stagger-box et-stagger-box-1\" data-delay=\"\" data-interval=\"50\" data-stagger=\"right\"><div class=\"content\"><h6 class=\"et-heading text-align-left highlight-true\" id=\"et-heading-364869\" ><span class=\"text-wrapper\"><span class=\"text\">CATALOG<\/span><span class=\"curtain\"><\/span><\/span><\/h6><h3 class=\"et-heading text-align-left highlight-false\" id=\"et-heading-826814\" ><span class=\"text-wrapper\"><span class=\"text\">Traditional Line and Integral Facade<\/span><span class=\"curtain\"><\/span><\/span><\/h3><span class=\"et-gap et-clearfix et-gap-520614\"><\/span><a id=\"et-button-555837\" class=\"et-button icon-position-right modal-false hover-scale smooth-false shadow-false none round normal medium\" target=\"_blank\" href=\"https:\/\/indalum.com.mx\/descargas\/Indalum-Catalogo-Linea-Tradicional.pdf\" data-effect=\"scale\"><span class=\"text\">OPEN<\/span><svg viewbox=\"0 0 220 56\" class=\"button-back\"><path class=\"regular\" d=\"M192,56H28A28,28,0,0,1,28,0H192A28,28,0,0,1,192,56Z\" data-hover=\"M192,56H28A28,28,0,0,1,28,0H192A28,28,0,0,1,192,56Z\"\/><\/svg><\/a><span class=\"et-gap et-clearfix et-gap-860839\"><\/span>\n<div class=\"wpb_text_column wpb_content_element\"  data-del=\"0\">\n\t<div class=\"wpb_wrapper\">\n\t\t<p><a id=\"pdf_tradicional\" style=\"margin-left: 55px;\" href=\"https:\/\/indalum.com.mx\/descargas\/Indalum-Catalogo-Linea-Tradicional.pdf\" download=\"\">Download PDF<\/a><\/p>\n\t<\/div>\n<\/div>\n\n<\/div><\/div>\t\t<\/div>\n\t\t\t<\/div>\n<\/div><div class=\"wpb_column vc_column_container vc_col-sm-6 vc_col-md-4 text-align-none vc-column-255963\" >\n\t<div class=\"vc_column-inner vci\" >\n\t\t<div class=\"wpb_wrapper\">\n\t\t\t<span class=\"et-gap et-clearfix et-gap-167550 hide1024\"><\/span><div id=\"et-stagger-box-2\" class=\"et-stagger-box et-stagger-box-2\" data-delay=\"200\" data-interval=\"50\" data-stagger=\"right\"><div class=\"content\"><h6 class=\"et-heading text-align-left highlight-true\" id=\"et-heading-445079\" ><span class=\"text-wrapper\"><span class=\"text\">CATALOG<\/span><span class=\"curtain\"><\/span><\/span><\/h6><h3 class=\"et-heading text-align-left highlight-false\" id=\"et-heading-395931\" ><span class=\"text-wrapper\"><span class=\"text\">Euroalum Line<\/span><span class=\"curtain\"><\/span><\/span><\/h3><span class=\"et-gap et-clearfix et-gap-520614\"><\/span><a id=\"et-button-155330\" class=\"et-button icon-position-right modal-false hover-scale smooth-false shadow-false none round normal medium\" target=\"_blank\" href=\"https:\/\/indalum.com.mx\/descargas\/Indalum-Catalogo-Linea-Euroalum.pdf\" data-effect=\"scale\"><span class=\"text\">OPEN<\/span><svg viewbox=\"0 0 220 56\" class=\"button-back\"><path class=\"regular\" d=\"M192,56H28A28,28,0,0,1,28,0H192A28,28,0,0,1,192,56Z\" data-hover=\"M192,56H28A28,28,0,0,1,28,0H192A28,28,0,0,1,192,56Z\"\/><\/svg><\/a><span class=\"et-gap et-clearfix et-gap-860839\"><\/span>\n<div class=\"wpb_text_column wpb_content_element\"  data-del=\"0\">\n\t<div class=\"wpb_wrapper\">\n\t\t<p><a id=\"pdf_euroalum\" style=\"margin-left: 55px;\" href=\"https:\/\/indalum.com.mx\/descargas\/Indalum-Catalogo-Linea-Euroalum.pdf\" download=\"\">Download PDF<\/a><\/p>\n\t<\/div>\n<\/div>\n\n<\/div><\/div>\t\t<\/div>\n\t\t\t<\/div>\n<\/div><div class=\"wpb_column vc_column_container vc_col-sm-6 vc_col-md-4 text-align-none vc-column-162500\" >\n\t<div class=\"vc_column-inner vci\" >\n\t\t<div class=\"wpb_wrapper\">\n\t\t\t<span class=\"et-gap et-clearfix et-gap-167550 hide1024\"><\/span><div id=\"et-stagger-box-3\" class=\"et-stagger-box et-stagger-box-3\" data-delay=\"400\" data-interval=\"50\" data-stagger=\"right\"><div class=\"content\"><h6 class=\"et-heading text-align-left highlight-true\" id=\"et-heading-355688\" ><span class=\"text-wrapper\"><span class=\"text\">BROCHURE<\/span><span class=\"curtain\"><\/span><\/span><\/h6><h3 class=\"et-heading text-align-left highlight-false\" id=\"et-heading-683170\" ><a href=\"https:\/\/indalum.com.mx\/wp-content\/uploads\/Indalum-Folleto-Euroalum.pdf\" target=\"_self\"><span class=\"text-wrapper\"><span class=\"text\">Euroalum Brochure<\/span><span class=\"curtain\"><\/span><\/span><\/a><\/h3><span class=\"et-gap et-clearfix et-gap-520614\"><\/span><a id=\"et-button-67650\" class=\"et-button icon-position-right modal-false hover-scale smooth-false shadow-false none round normal medium\" target=\"_blank\" href=\"https:\/\/indalum.com.mx\/descargas\/Indalum-Folleto-Euroalum.pdf\" data-effect=\"scale\"><span class=\"text\">OPEN<\/span><svg viewbox=\"0 0 220 56\" class=\"button-back\"><path class=\"regular\" d=\"M192,56H28A28,28,0,0,1,28,0H192A28,28,0,0,1,192,56Z\" data-hover=\"M192,56H28A28,28,0,0,1,28,0H192A28,28,0,0,1,192,56Z\"\/><\/svg><\/a><span class=\"et-gap et-clearfix et-gap-860839\"><\/span>\n<div class=\"wpb_text_column wpb_content_element\"  data-del=\"0\">\n\t<div class=\"wpb_wrapper\">\n\t\t<p><a style=\"margin-left: 55px;\" href=\"https:\/\/indalum.com.mx\/descargas\/Indalum-Folleto-Euroalum.pdf\" download=\"\">Download PDF<\/a><\/p>\n\t<\/div>\n<\/div>\n\n<\/div><\/div>\t\t<\/div>\n\t\t\t<\/div>\n<\/div>\t<\/div>\n\t\t<\/div><div class=\"vc_row wpb_row vc_row-fluid vc_column-gap-24\" >\n\t<div class=\"container et-clearfix\">\n\t\t<div class=\"wpb_column vc_column_container vc_col-sm-12 text-align-none\" >\n\t<div class=\"vc_column-inner vci\" >\n\t\t<div class=\"wpb_wrapper\">\n\t\t\t<span class=\"et-gap et-clearfix et-gap-135997 hide1024\"><\/span><span class=\"et-gap et-clearfix et-gap-684189 hide767 hide768-1023\"><\/span>\t\t<\/div>\n\t\t\t<\/div>\n<\/div>\t<\/div>\n\t\t<\/div>","protected":false},"excerpt":{"rendered":"IndalumSegmento Arquitect\u00f3nicoCon un amplio portafolio de soluciones, Indalum participa de manera importante en este segmento ya sea con su l\u00ednea Tradicional o su l\u00ednea de alto desempe\u00f1o Euroalum a trav\u00e9s del territorio mexicano y de exportaci\u00f3n.Con soluciones para una gran variedad de puertas, ventanas y fachadas arquitect\u00f3nicas, Indalum tiene el firme prop\u00f3sito de ofrecer la [...]","protected":false},"author":1,"featured_media":0,"parent":0,"menu_order":0,"comment_status":"closed","ping_status":"closed","template":"page-vc.php","meta":{"footnotes":""},"class_list":["post-647","page","type-page","status-publish","hentry"],"yoast_head":"<!-- This site is optimized with the Yoast SEO plugin v23.0 - https:\/\/yoast.com\/wordpress\/plugins\/seo\/ -->\n<title>Segmento Arquitect\u00f3nico &#8211; Indalum<\/title>\n<meta name=\"description\" content=\"Indalum participa en el segmento arquitect\u00f3nico ya sea con su l\u00ednea Tradicional o su l\u00ednea de alto desempe\u00f1o Euroalum.\" \/>\n<meta name=\"robots\" content=\"index, follow, max-snippet:-1, max-image-preview:large, max-video-preview:-1\" \/>\n<link rel=\"canonical\" href=\"https:\/\/indalum.com.mx\/en\/segmento-arquitectonico\/\" \/>\n<meta property=\"og:locale\" content=\"en_US\" \/>\n<meta property=\"og:type\" content=\"article\" \/>\n<meta property=\"og:title\" content=\"Segmento Arquitect\u00f3nico &#8211; Indalum\" \/>\n<meta property=\"og:description\" content=\"Indalum participa en el segmento arquitect\u00f3nico ya sea con su l\u00ednea Tradicional o su l\u00ednea de alto desempe\u00f1o Euroalum.\" \/>\n<meta property=\"og:url\" content=\"https:\/\/indalum.com.mx\/en\/segmento-arquitectonico\/\" \/>\n<meta property=\"og:site_name\" content=\"Indalum\" \/>\n<meta property=\"article:publisher\" content=\"https:\/\/www.facebook.com\/indalumoficial\/\" \/>\n<meta property=\"article:modified_time\" content=\"2021-09-15T06:51:59+00:00\" \/>\n<meta property=\"og:image\" content=\"https:\/\/indalum.com.mx\/wp-content\/uploads\/indalum-segmentos.jpg\" \/>\n\t<meta property=\"og:image:width\" content=\"1200\" \/>\n\t<meta property=\"og:image:height\" content=\"630\" \/>\n\t<meta property=\"og:image:type\" content=\"image\/jpeg\" \/>\n<meta name=\"twitter:card\" content=\"summary_large_image\" \/>\n<meta name=\"twitter:label1\" content=\"Est. reading time\" \/>\n\t<meta name=\"twitter:data1\" content=\"3 minutes\" \/>\n<script type=\"application\/ld+json\" class=\"yoast-schema-graph\">{\"@context\":\"https:\/\/schema.org\",\"@graph\":[{\"@type\":\"WebPage\",\"@id\":\"https:\/\/indalum.com.mx\/segmento-arquitectonico\/\",\"url\":\"https:\/\/indalum.com.mx\/segmento-arquitectonico\/\",\"name\":\"Segmento Arquitect\u00f3nico &#8211; Indalum\",\"isPartOf\":{\"@id\":\"https:\/\/indalum.com.mx\/#website\"},\"datePublished\":\"2021-03-02T18:27:14+00:00\",\"dateModified\":\"2021-09-15T06:51:59+00:00\",\"description\":\"Indalum participa en el segmento arquitect\u00f3nico ya sea con su l\u00ednea Tradicional o su l\u00ednea de alto desempe\u00f1o Euroalum.\",\"inLanguage\":\"en-US\",\"potentialAction\":[{\"@type\":\"ReadAction\",\"target\":[\"https:\/\/indalum.com.mx\/segmento-arquitectonico\/\"]}]},{\"@type\":\"WebSite\",\"@id\":\"https:\/\/indalum.com.mx\/#website\",\"url\":\"https:\/\/indalum.com.mx\/\",\"name\":\"Indalum\",\"description\":\"Imaginando m\u00e1s que aluminio\",\"potentialAction\":[{\"@type\":\"SearchAction\",\"target\":{\"@type\":\"EntryPoint\",\"urlTemplate\":\"https:\/\/indalum.com.mx\/?s={search_term_string}\"},\"query-input\":\"required name=search_term_string\"}],\"inLanguage\":\"en-US\"}]}<\/script>\n<!-- \/ Yoast SEO plugin. -->","yoast_head_json":{"title":"Segmento Arquitect\u00f3nico &#8211; Indalum","description":"Indalum participa en el segmento arquitect\u00f3nico ya sea con su l\u00ednea Tradicional o su l\u00ednea de alto desempe\u00f1o Euroalum.","robots":{"index":"index","follow":"follow","max-snippet":"max-snippet:-1","max-image-preview":"max-image-preview:large","max-video-preview":"max-video-preview:-1"},"canonical":"https:\/\/indalum.com.mx\/en\/segmento-arquitectonico\/","og_locale":"en_US","og_type":"article","og_title":"Segmento Arquitect\u00f3nico &#8211; Indalum","og_description":"Indalum participa en el segmento arquitect\u00f3nico ya sea con su l\u00ednea Tradicional o su l\u00ednea de alto desempe\u00f1o Euroalum.","og_url":"https:\/\/indalum.com.mx\/en\/segmento-arquitectonico\/","og_site_name":"Indalum","article_publisher":"https:\/\/www.facebook.com\/indalumoficial\/","article_modified_time":"2021-09-15T06:51:59+00:00","og_image":[{"width":1200,"height":630,"url":"https:\/\/indalum.com.mx\/wp-content\/uploads\/indalum-segmentos.jpg","type":"image\/jpeg"}],"twitter_card":"summary_large_image","twitter_misc":{"Est. reading time":"3 minutes"},"schema":{"@context":"https:\/\/schema.org","@graph":[{"@type":"WebPage","@id":"https:\/\/indalum.com.mx\/segmento-arquitectonico\/","url":"https:\/\/indalum.com.mx\/segmento-arquitectonico\/","name":"Segmento Arquitect\u00f3nico &#8211; Indalum","isPartOf":{"@id":"https:\/\/indalum.com.mx\/#website"},"datePublished":"2021-03-02T18:27:14+00:00","dateModified":"2021-09-15T06:51:59+00:00","description":"Indalum participa en el segmento arquitect\u00f3nico ya sea con su l\u00ednea Tradicional o su l\u00ednea de alto desempe\u00f1o Euroalum.","inLanguage":"en-US","potentialAction":[{"@type":"ReadAction","target":["https:\/\/indalum.com.mx\/segmento-arquitectonico\/"]}]},{"@type":"WebSite","@id":"https:\/\/indalum.com.mx\/#website","url":"https:\/\/indalum.com.mx\/","name":"Indalum","description":"Imaginando m\u00e1s que aluminio","potentialAction":[{"@type":"SearchAction","target":{"@type":"EntryPoint","urlTemplate":"https:\/\/indalum.com.mx\/?s={search_term_string}"},"query-input":"required name=search_term_string"}],"inLanguage":"en-US"}]}},"_links":{"self":[{"href":"https:\/\/indalum.com.mx\/en\/wp-json\/wp\/v2\/pages\/647","targetHints":{"allow":["GET"]}}],"collection":[{"href":"https:\/\/indalum.com.mx\/en\/wp-json\/wp\/v2\/pages"}],"about":[{"href":"https:\/\/indalum.com.mx\/en\/wp-json\/wp\/v2\/types\/page"}],"author":[{"embeddable":true,"href":"https:\/\/indalum.com.mx\/en\/wp-json\/wp\/v2\/users\/1"}],"replies":[{"embeddable":true,"href":"https:\/\/indalum.com.mx\/en\/wp-json\/wp\/v2\/comments?post=647"}],"version-history":[{"count":6,"href":"https:\/\/indalum.com.mx\/en\/wp-json\/wp\/v2\/pages\/647\/revisions"}],"predecessor-version":[{"id":3541,"href":"https:\/\/indalum.com.mx\/en\/wp-json\/wp\/v2\/pages\/647\/revisions\/3541"}],"wp:attachment":[{"href":"https:\/\/indalum.com.mx\/en\/wp-json\/wp\/v2\/media?parent=647"}],"curies":[{"name":"wp","href":"https:\/\/api.w.org\/{rel}","templated":true}]}}